{"id":400,"date":"2019-12-17T11:44:53","date_gmt":"2019-12-17T10:44:53","guid":{"rendered":"https:\/\/iddest-formation.eu\/?page_id=400"},"modified":"2020-02-26T16:46:22","modified_gmt":"2020-02-26T15:46:22","slug":"cas2-secteur-public","status":"publish","type":"page","link":"https:\/\/iddest-formation.eu\/index.php\/cas2-secteur-public\/","title":{"rendered":"R\u00e9f\u00e9rences sph\u00e8re priv\u00e9e"},"content":{"rendered":"","protected":false},"excerpt":{"rendered":"","protected":false},"author":1,"featured_media":0,"parent":0,"menu_order":0,"comment_status":"closed","ping_status":"closed","template":"","meta":{"footnotes":""},"yoast_head":"<!-- This site is optimized with the Yoast SEO plugin v22.8 - https:\/\/yoast.com\/wordpress\/plugins\/seo\/ -->\n<title>R\u00e9f\u00e9rences sph\u00e8re priv\u00e9e - Iddest formation<\/title>\n<meta name=\"description\" content=\"Depuis 50 ans, iddest \u00e9labore et anime des formations sur mesure !Iddest formation est compos\u00e9 d\u2019une \u00e9quipe sp\u00e9cialis\u00e9e dans l&#039;accompagnement de la performance strat\u00e9gique et op\u00e9rationnelle des organisations publiques et priv\u00e9es \u00e0 l&#039;\u00e9chelle nationale dans les domaines suivants : management, communication, organisation, qualit\u00e9 de vie au travail et RPS, relations sociales\u2026 Nous proposons des modules et des parcours adapt\u00e9s aux besoins de vos \u00e9quipes.\" \/>\n<meta name=\"robots\" content=\"index, follow, max-snippet:-1, max-image-preview:large, max-video-preview:-1\" \/>\n<link rel=\"canonical\" href=\"https:\/\/iddest-formation.eu\/index.php\/cas2-secteur-public\/\" \/>\n<meta property=\"og:locale\" content=\"fr_FR\" \/>\n<meta property=\"og:type\" content=\"article\" \/>\n<meta property=\"og:title\" content=\"R\u00e9f\u00e9rences sph\u00e8re priv\u00e9e - Iddest formation\" \/>\n<meta property=\"og:description\" content=\"Depuis 50 ans, iddest \u00e9labore et anime des formations sur mesure !Iddest formation est compos\u00e9 d\u2019une \u00e9quipe sp\u00e9cialis\u00e9e dans l&#039;accompagnement de la performance strat\u00e9gique et op\u00e9rationnelle des organisations publiques et priv\u00e9es \u00e0 l&#039;\u00e9chelle nationale dans les domaines suivants : management, communication, organisation, qualit\u00e9 de vie au travail et RPS, relations sociales\u2026 Nous proposons des modules et des parcours adapt\u00e9s aux besoins de vos \u00e9quipes.\" \/>\n<meta property=\"og:url\" content=\"https:\/\/iddest-formation.eu\/index.php\/cas2-secteur-public\/\" \/>\n<meta property=\"og:site_name\" content=\"Iddest formation\" \/>\n<meta property=\"article:modified_time\" content=\"2020-02-26T15:46:22+00:00\" \/>\n<meta name=\"twitter:card\" content=\"summary_large_image\" \/>\n<script type=\"application\/ld+json\" class=\"yoast-schema-graph\">{\"@context\":\"https:\/\/schema.org\",\"@graph\":[{\"@type\":\"WebPage\",\"@id\":\"https:\/\/iddest-formation.eu\/index.php\/cas2-secteur-public\/\",\"url\":\"https:\/\/iddest-formation.eu\/index.php\/cas2-secteur-public\/\",\"name\":\"R\u00e9f\u00e9rences sph\u00e8re priv\u00e9e - Iddest formation\",\"isPartOf\":{\"@id\":\"https:\/\/iddest-formation.eu\/#website\"},\"datePublished\":\"2019-12-17T10:44:53+00:00\",\"dateModified\":\"2020-02-26T15:46:22+00:00\",\"description\":\"Depuis 50 ans, iddest \u00e9labore et anime des formations sur mesure !Iddest formation est compos\u00e9 d\u2019une \u00e9quipe sp\u00e9cialis\u00e9e dans l'accompagnement de la performance strat\u00e9gique et op\u00e9rationnelle des organisations publiques et priv\u00e9es \u00e0 l'\u00e9chelle nationale dans les domaines suivants : management, communication, organisation, qualit\u00e9 de vie au travail et RPS, relations sociales\u2026 Nous proposons des modules et des parcours adapt\u00e9s aux besoins de vos \u00e9quipes.\",\"breadcrumb\":{\"@id\":\"https:\/\/iddest-formation.eu\/index.php\/cas2-secteur-public\/#breadcrumb\"},\"inLanguage\":\"fr-FR\",\"potentialAction\":[{\"@type\":\"ReadAction\",\"target\":[\"https:\/\/iddest-formation.eu\/index.php\/cas2-secteur-public\/\"]}]},{\"@type\":\"BreadcrumbList\",\"@id\":\"https:\/\/iddest-formation.eu\/index.php\/cas2-secteur-public\/#breadcrumb\",\"itemListElement\":[{\"@type\":\"ListItem\",\"position\":1,\"name\":\"Accueil\",\"item\":\"https:\/\/iddest-formation.eu\/\"},{\"@type\":\"ListItem\",\"position\":2,\"name\":\"R\u00e9f\u00e9rences sph\u00e8re priv\u00e9e\"}]},{\"@type\":\"WebSite\",\"@id\":\"https:\/\/iddest-formation.eu\/#website\",\"url\":\"https:\/\/iddest-formation.eu\/\",\"name\":\"Iddest formation\",\"description\":\"Depuis 50 ans, iddest \u00e9labore et anime des formations sur mesure !\",\"potentialAction\":[{\"@type\":\"SearchAction\",\"target\":{\"@type\":\"EntryPoint\",\"urlTemplate\":\"https:\/\/iddest-formation.eu\/?s={search_term_string}\"},\"query-input\":\"required name=search_term_string\"}],\"inLanguage\":\"fr-FR\"}]}<\/script>\n<!-- \/ Yoast SEO plugin. -->","yoast_head_json":{"title":"R\u00e9f\u00e9rences sph\u00e8re priv\u00e9e - Iddest formation","description":"Depuis 50 ans, iddest \u00e9labore et anime des formations sur mesure !Iddest formation est compos\u00e9 d\u2019une \u00e9quipe sp\u00e9cialis\u00e9e dans l'accompagnement de la performance strat\u00e9gique et op\u00e9rationnelle des organisations publiques et priv\u00e9es \u00e0 l'\u00e9chelle nationale dans les domaines suivants : management, communication, organisation, qualit\u00e9 de vie au travail et RPS, relations sociales\u2026 Nous proposons des modules et des parcours adapt\u00e9s aux besoins de vos \u00e9quipes.","robots":{"index":"index","follow":"follow","max-snippet":"max-snippet:-1","max-image-preview":"max-image-preview:large","max-video-preview":"max-video-preview:-1"},"canonical":"https:\/\/iddest-formation.eu\/index.php\/cas2-secteur-public\/","og_locale":"fr_FR","og_type":"article","og_title":"R\u00e9f\u00e9rences sph\u00e8re priv\u00e9e - Iddest formation","og_description":"Depuis 50 ans, iddest \u00e9labore et anime des formations sur mesure !Iddest formation est compos\u00e9 d\u2019une \u00e9quipe sp\u00e9cialis\u00e9e dans l'accompagnement de la performance strat\u00e9gique et op\u00e9rationnelle des organisations publiques et priv\u00e9es \u00e0 l'\u00e9chelle nationale dans les domaines suivants : management, communication, organisation, qualit\u00e9 de vie au travail et RPS, relations sociales\u2026 Nous proposons des modules et des parcours adapt\u00e9s aux besoins de vos \u00e9quipes.","og_url":"https:\/\/iddest-formation.eu\/index.php\/cas2-secteur-public\/","og_site_name":"Iddest formation","article_modified_time":"2020-02-26T15:46:22+00:00","twitter_card":"summary_large_image","schema":{"@context":"https:\/\/schema.org","@graph":[{"@type":"WebPage","@id":"https:\/\/iddest-formation.eu\/index.php\/cas2-secteur-public\/","url":"https:\/\/iddest-formation.eu\/index.php\/cas2-secteur-public\/","name":"R\u00e9f\u00e9rences sph\u00e8re priv\u00e9e - Iddest formation","isPartOf":{"@id":"https:\/\/iddest-formation.eu\/#website"},"datePublished":"2019-12-17T10:44:53+00:00","dateModified":"2020-02-26T15:46:22+00:00","description":"Depuis 50 ans, iddest \u00e9labore et anime des formations sur mesure !Iddest formation est compos\u00e9 d\u2019une \u00e9quipe sp\u00e9cialis\u00e9e dans l'accompagnement de la performance strat\u00e9gique et op\u00e9rationnelle des organisations publiques et priv\u00e9es \u00e0 l'\u00e9chelle nationale dans les domaines suivants : management, communication, organisation, qualit\u00e9 de vie au travail et RPS, relations sociales\u2026 Nous proposons des modules et des parcours adapt\u00e9s aux besoins de vos \u00e9quipes.","breadcrumb":{"@id":"https:\/\/iddest-formation.eu\/index.php\/cas2-secteur-public\/#breadcrumb"},"inLanguage":"fr-FR","potentialAction":[{"@type":"ReadAction","target":["https:\/\/iddest-formation.eu\/index.php\/cas2-secteur-public\/"]}]},{"@type":"BreadcrumbList","@id":"https:\/\/iddest-formation.eu\/index.php\/cas2-secteur-public\/#breadcrumb","itemListElement":[{"@type":"ListItem","position":1,"name":"Accueil","item":"https:\/\/iddest-formation.eu\/"},{"@type":"ListItem","position":2,"name":"R\u00e9f\u00e9rences sph\u00e8re priv\u00e9e"}]},{"@type":"WebSite","@id":"https:\/\/iddest-formation.eu\/#website","url":"https:\/\/iddest-formation.eu\/","name":"Iddest formation","description":"Depuis 50 ans, iddest \u00e9labore et anime des formations sur mesure !","potentialAction":[{"@type":"SearchAction","target":{"@type":"EntryPoint","urlTemplate":"https:\/\/iddest-formation.eu\/?s={search_term_string}"},"query-input":"required name=search_term_string"}],"inLanguage":"fr-FR"}]}},"_links":{"self":[{"href":"https:\/\/iddest-formation.eu\/index.php\/wp-json\/wp\/v2\/pages\/400"}],"collection":[{"href":"https:\/\/iddest-formation.eu\/index.php\/wp-json\/wp\/v2\/pages"}],"about":[{"href":"https:\/\/iddest-formation.eu\/index.php\/wp-json\/wp\/v2\/types\/page"}],"author":[{"embeddable":true,"href":"https:\/\/iddest-formation.eu\/index.php\/wp-json\/wp\/v2\/users\/1"}],"replies":[{"embeddable":true,"href":"https:\/\/iddest-formation.eu\/index.php\/wp-json\/wp\/v2\/comments?post=400"}],"version-history":[{"count":2,"href":"https:\/\/iddest-formation.eu\/index.php\/wp-json\/wp\/v2\/pages\/400\/revisions"}],"predecessor-version":[{"id":1415,"href":"https:\/\/iddest-formation.eu\/index.php\/wp-json\/wp\/v2\/pages\/400\/revisions\/1415"}],"wp:attachment":[{"href":"https:\/\/iddest-formation.eu\/index.php\/wp-json\/wp\/v2\/media?parent=400"}],"curies":[{"name":"wp","href":"https:\/\/api.w.org\/{rel}","templated":true}]}}