{"id":367,"date":"2019-12-17T11:39:33","date_gmt":"2019-12-17T10:39:33","guid":{"rendered":"https:\/\/iddest-formation.eu\/?page_id=367"},"modified":"2020-02-26T16:41:48","modified_gmt":"2020-02-26T15:41:48","slug":"formation-des-agents","status":"publish","type":"page","link":"https:\/\/iddest-formation.eu\/index.php\/formation-des-agents\/","title":{"rendered":"Formation des agents"},"content":{"rendered":"<section class=\"wpb-content-wrapper\"><p>[vc_row][vc_column]<div id=\"ultimate-heading-605669e1c1cb5fced\" class=\"uvc-heading ult-adjust-bottom-margin ultimate-heading-605669e1c1cb5fced uvc-4388  uvc-heading-default-font-sizes\" data-hspacer=\"line_only\"  data-halign=\"center\" style=\"text-align:center\"><div class=\"uvc-main-heading ult-responsive\"  data-ultimate-target='.uvc-heading.ultimate-heading-605669e1c1cb5fced h2'  data-responsive-json-new='{\"font-size\":\"\",\"line-height\":\"\"}' ><h2 style=\"--font-weight:theme;margin-bottom:10px;\">Formation des agents<\/h2><\/div><div class=\"uvc-heading-spacer line_only\" style=\"topheight:1px;\"><span class=\"uvc-headings-line\" style=\"border-style:solid;border-bottom-width:1px;border-color:#1e98d7;width:50px;\"><\/span><\/div><div class=\"uvc-sub-heading ult-responsive\"  data-ultimate-target='.uvc-heading.ultimate-heading-605669e1c1cb5fced .uvc-sub-heading '  data-responsive-json-new='{\"font-size\":\"\",\"line-height\":\"\"}'  style=\"font-weight:normal;\"><\/p>\n<p style=\"text-align: center;\">Nos formateurs ont occup\u00e9 des responsabilit\u00e9s manag\u00e9riales en collectivit\u00e9s territoriales: fili\u00e8re technique et fili\u00e8re administrative<\/p>\n<p><\/div><\/div>[vc_empty_space][\/vc_column][\/vc_row][vc_row][vc_column width=\u00a0\u00bb1\/2&Prime;][vc_hoverbox image=\u00a0\u00bb1374&Prime; primary_title=\u00a0\u00bb\u00a0\u00bb hover_title=\u00a0\u00bb\u00a0\u00bb css_animation=\u00a0\u00bbbounceIn\u00a0\u00bb]<\/p>\n<p style=\"text-align: center;\">Conna\u00eetre les contextes et modes de communication professionnelle. \u00catre \u00e0 l\u2019aise dans une prise de parole quel que soit son interlocuteur<\/p>\n<p>[\/vc_hoverbox][vc_empty_space][vc_hoverbox image=\u00a0\u00bb1376&Prime; primary_title=\u00a0\u00bb\u00a0\u00bb hover_title=\u00a0\u00bb\u00a0\u00bb css_animation=\u00a0\u00bbbounceIn\u00a0\u00bb]<\/p>\n<p style=\"text-align: center;\">S\u2019approprier de bonnes pratiques, des m\u00e9thodes et des outils \u00e9prouv\u00e9s, dont ceux de la gestion du temps, pour permettre de mieux anticiper et s\u2019organiser au quotidien.<\/p>\n<p style=\"text-align: center;\">Prendre conscience de sa relation personnelle au temps et de certains modes de fonctionnement chronophages<\/p>\n<p>[\/vc_hoverbox][\/vc_column][vc_column width=\u00a0\u00bb1\/2&Prime;][vc_hoverbox image=\u00a0\u00bb1375&Prime; primary_title=\u00a0\u00bb\u00a0\u00bb hover_title=\u00a0\u00bb\u00a0\u00bb css_animation=\u00a0\u00bbbounceIn\u00a0\u00bb]<\/p>\n<p style=\"text-align: center;\">Acqu\u00e9rir une meilleure qualit\u00e9 de communication \u00e9crite selon les diff\u00e9rents supports les plus fr\u00e9quemment utilis\u00e9s dans le contexte du conseil de quartier<\/p>\n<p>[\/vc_hoverbox][vc_empty_space][vc_hoverbox image=\u00a0\u00bb1377&Prime; primary_title=\u00a0\u00bb\u00a0\u00bb hover_title=\u00a0\u00bb\u00a0\u00bb css_animation=\u00a0\u00bbbounceIn\u00a0\u00bb]<\/p>\n<p style=\"text-align: center;\">D\u00e9finir et analyser les diff\u00e9rents types et\u00a0niveaux de conflits<br \/>\nDistinguer les attitudes, situations conflictuelles et les pr\u00e9mices de conflits<br \/>\nIdentifier ses propres r\u00e9actions face au conflit et mobiliser ses ressources internes en situation de conflits<br \/>\nGagner en confort, en confiance et en comp\u00e9tence dans la gestion des conflits<\/p>\n<p>[\/vc_hoverbox][\/vc_column][\/vc_row]<\/p>\n<\/section>","protected":false},"excerpt":{"rendered":"<p>[vc_row][vc_column][vc_empty_space][\/vc_column][\/vc_row][vc_row][vc_column width=\u00a0\u00bb1\/2&Prime;][vc_hoverbox image=\u00a0\u00bb1374&Prime; primary_title=\u00a0\u00bb\u00a0\u00bb hover_title=\u00a0\u00bb\u00a0\u00bb css_animation=\u00a0\u00bbbounceIn\u00a0\u00bb] Conna\u00eetre les contextes et modes de communication professionnelle. \u00catre \u00e0 l\u2019aise dans une prise de parole quel que soit son interlocuteur [\/vc_hoverbox][vc_empty_space][vc_hoverbox image=\u00a0\u00bb1376&Prime; primary_title=\u00a0\u00bb\u00a0\u00bb hover_title=\u00a0\u00bb\u00a0\u00bb css_animation=\u00a0\u00bbbounceIn\u00a0\u00bb] S\u2019approprier de bonnes pratiques, des m\u00e9thodes et des outils \u00e9prouv\u00e9s, dont ceux de la gestion du temps, pour permettre de mieux anticiper et&hellip;<\/p>\n","protected":false},"author":1,"featured_media":0,"parent":0,"menu_order":0,"comment_status":"closed","ping_status":"closed","template":"","meta":{"footnotes":""},"yoast_head":"<!-- This site is optimized with the Yoast SEO plugin v22.8 - https:\/\/yoast.com\/wordpress\/plugins\/seo\/ -->\n<title>Formation des agents - Iddest formation<\/title>\n<meta name=\"description\" content=\"Depuis 50 ans, iddest \u00e9labore et anime des formations sur mesure !Iddest formation est compos\u00e9 d\u2019une \u00e9quipe sp\u00e9cialis\u00e9e dans l&#039;accompagnement de la performance strat\u00e9gique et op\u00e9rationnelle des organisations publiques et priv\u00e9es \u00e0 l&#039;\u00e9chelle nationale dans les domaines suivants : management, communication, organisation, qualit\u00e9 de vie au travail et RPS, relations sociales\u2026 Nous proposons des modules et des parcours adapt\u00e9s aux besoins de vos \u00e9quipes.\" \/>\n<meta name=\"robots\" content=\"index, follow, max-snippet:-1, max-image-preview:large, max-video-preview:-1\" \/>\n<link rel=\"canonical\" href=\"https:\/\/iddest-formation.eu\/index.php\/formation-des-agents\/\" \/>\n<meta property=\"og:locale\" content=\"fr_FR\" \/>\n<meta property=\"og:type\" content=\"article\" \/>\n<meta property=\"og:title\" content=\"Formation des agents - Iddest formation\" \/>\n<meta property=\"og:description\" content=\"Depuis 50 ans, iddest \u00e9labore et anime des formations sur mesure !Iddest formation est compos\u00e9 d\u2019une \u00e9quipe sp\u00e9cialis\u00e9e dans l&#039;accompagnement de la performance strat\u00e9gique et op\u00e9rationnelle des organisations publiques et priv\u00e9es \u00e0 l&#039;\u00e9chelle nationale dans les domaines suivants : management, communication, organisation, qualit\u00e9 de vie au travail et RPS, relations sociales\u2026 Nous proposons des modules et des parcours adapt\u00e9s aux besoins de vos \u00e9quipes.\" \/>\n<meta property=\"og:url\" content=\"https:\/\/iddest-formation.eu\/index.php\/formation-des-agents\/\" \/>\n<meta property=\"og:site_name\" content=\"Iddest formation\" \/>\n<meta property=\"article:modified_time\" content=\"2020-02-26T15:41:48+00:00\" \/>\n<meta name=\"twitter:card\" content=\"summary_large_image\" \/>\n<meta name=\"twitter:label1\" content=\"Dur\u00e9e de lecture estim\u00e9e\" \/>\n\t<meta name=\"twitter:data1\" content=\"1 minute\" \/>\n<script type=\"application\/ld+json\" class=\"yoast-schema-graph\">{\"@context\":\"https:\/\/schema.org\",\"@graph\":[{\"@type\":\"WebPage\",\"@id\":\"https:\/\/iddest-formation.eu\/index.php\/formation-des-agents\/\",\"url\":\"https:\/\/iddest-formation.eu\/index.php\/formation-des-agents\/\",\"name\":\"Formation des agents - Iddest formation\",\"isPartOf\":{\"@id\":\"https:\/\/iddest-formation.eu\/#website\"},\"datePublished\":\"2019-12-17T10:39:33+00:00\",\"dateModified\":\"2020-02-26T15:41:48+00:00\",\"description\":\"Depuis 50 ans, iddest \u00e9labore et anime des formations sur mesure !Iddest formation est compos\u00e9 d\u2019une \u00e9quipe sp\u00e9cialis\u00e9e dans l'accompagnement de la performance strat\u00e9gique et op\u00e9rationnelle des organisations publiques et priv\u00e9es \u00e0 l'\u00e9chelle nationale dans les domaines suivants : management, communication, organisation, qualit\u00e9 de vie au travail et RPS, relations sociales\u2026 Nous proposons des modules et des parcours adapt\u00e9s aux besoins de vos \u00e9quipes.\",\"breadcrumb\":{\"@id\":\"https:\/\/iddest-formation.eu\/index.php\/formation-des-agents\/#breadcrumb\"},\"inLanguage\":\"fr-FR\",\"potentialAction\":[{\"@type\":\"ReadAction\",\"target\":[\"https:\/\/iddest-formation.eu\/index.php\/formation-des-agents\/\"]}]},{\"@type\":\"BreadcrumbList\",\"@id\":\"https:\/\/iddest-formation.eu\/index.php\/formation-des-agents\/#breadcrumb\",\"itemListElement\":[{\"@type\":\"ListItem\",\"position\":1,\"name\":\"Accueil\",\"item\":\"https:\/\/iddest-formation.eu\/\"},{\"@type\":\"ListItem\",\"position\":2,\"name\":\"Formation des agents\"}]},{\"@type\":\"WebSite\",\"@id\":\"https:\/\/iddest-formation.eu\/#website\",\"url\":\"https:\/\/iddest-formation.eu\/\",\"name\":\"Iddest formation\",\"description\":\"Depuis 50 ans, iddest \u00e9labore et anime des formations sur mesure !\",\"potentialAction\":[{\"@type\":\"SearchAction\",\"target\":{\"@type\":\"EntryPoint\",\"urlTemplate\":\"https:\/\/iddest-formation.eu\/?s={search_term_string}\"},\"query-input\":\"required name=search_term_string\"}],\"inLanguage\":\"fr-FR\"}]}<\/script>\n<!-- \/ Yoast SEO plugin. -->","yoast_head_json":{"title":"Formation des agents - Iddest formation","description":"Depuis 50 ans, iddest \u00e9labore et anime des formations sur mesure !Iddest formation est compos\u00e9 d\u2019une \u00e9quipe sp\u00e9cialis\u00e9e dans l'accompagnement de la performance strat\u00e9gique et op\u00e9rationnelle des organisations publiques et priv\u00e9es \u00e0 l'\u00e9chelle nationale dans les domaines suivants : management, communication, organisation, qualit\u00e9 de vie au travail et RPS, relations sociales\u2026 Nous proposons des modules et des parcours adapt\u00e9s aux besoins de vos \u00e9quipes.","robots":{"index":"index","follow":"follow","max-snippet":"max-snippet:-1","max-image-preview":"max-image-preview:large","max-video-preview":"max-video-preview:-1"},"canonical":"https:\/\/iddest-formation.eu\/index.php\/formation-des-agents\/","og_locale":"fr_FR","og_type":"article","og_title":"Formation des agents - Iddest formation","og_description":"Depuis 50 ans, iddest \u00e9labore et anime des formations sur mesure !Iddest formation est compos\u00e9 d\u2019une \u00e9quipe sp\u00e9cialis\u00e9e dans l'accompagnement de la performance strat\u00e9gique et op\u00e9rationnelle des organisations publiques et priv\u00e9es \u00e0 l'\u00e9chelle nationale dans les domaines suivants : management, communication, organisation, qualit\u00e9 de vie au travail et RPS, relations sociales\u2026 Nous proposons des modules et des parcours adapt\u00e9s aux besoins de vos \u00e9quipes.","og_url":"https:\/\/iddest-formation.eu\/index.php\/formation-des-agents\/","og_site_name":"Iddest formation","article_modified_time":"2020-02-26T15:41:48+00:00","twitter_card":"summary_large_image","twitter_misc":{"Dur\u00e9e de lecture estim\u00e9e":"1 minute"},"schema":{"@context":"https:\/\/schema.org","@graph":[{"@type":"WebPage","@id":"https:\/\/iddest-formation.eu\/index.php\/formation-des-agents\/","url":"https:\/\/iddest-formation.eu\/index.php\/formation-des-agents\/","name":"Formation des agents - Iddest formation","isPartOf":{"@id":"https:\/\/iddest-formation.eu\/#website"},"datePublished":"2019-12-17T10:39:33+00:00","dateModified":"2020-02-26T15:41:48+00:00","description":"Depuis 50 ans, iddest \u00e9labore et anime des formations sur mesure !Iddest formation est compos\u00e9 d\u2019une \u00e9quipe sp\u00e9cialis\u00e9e dans l'accompagnement de la performance strat\u00e9gique et op\u00e9rationnelle des organisations publiques et priv\u00e9es \u00e0 l'\u00e9chelle nationale dans les domaines suivants : management, communication, organisation, qualit\u00e9 de vie au travail et RPS, relations sociales\u2026 Nous proposons des modules et des parcours adapt\u00e9s aux besoins de vos \u00e9quipes.","breadcrumb":{"@id":"https:\/\/iddest-formation.eu\/index.php\/formation-des-agents\/#breadcrumb"},"inLanguage":"fr-FR","potentialAction":[{"@type":"ReadAction","target":["https:\/\/iddest-formation.eu\/index.php\/formation-des-agents\/"]}]},{"@type":"BreadcrumbList","@id":"https:\/\/iddest-formation.eu\/index.php\/formation-des-agents\/#breadcrumb","itemListElement":[{"@type":"ListItem","position":1,"name":"Accueil","item":"https:\/\/iddest-formation.eu\/"},{"@type":"ListItem","position":2,"name":"Formation des agents"}]},{"@type":"WebSite","@id":"https:\/\/iddest-formation.eu\/#website","url":"https:\/\/iddest-formation.eu\/","name":"Iddest formation","description":"Depuis 50 ans, iddest \u00e9labore et anime des formations sur mesure !","potentialAction":[{"@type":"SearchAction","target":{"@type":"EntryPoint","urlTemplate":"https:\/\/iddest-formation.eu\/?s={search_term_string}"},"query-input":"required name=search_term_string"}],"inLanguage":"fr-FR"}]}},"_links":{"self":[{"href":"https:\/\/iddest-formation.eu\/index.php\/wp-json\/wp\/v2\/pages\/367"}],"collection":[{"href":"https:\/\/iddest-formation.eu\/index.php\/wp-json\/wp\/v2\/pages"}],"about":[{"href":"https:\/\/iddest-formation.eu\/index.php\/wp-json\/wp\/v2\/types\/page"}],"author":[{"embeddable":true,"href":"https:\/\/iddest-formation.eu\/index.php\/wp-json\/wp\/v2\/users\/1"}],"replies":[{"embeddable":true,"href":"https:\/\/iddest-formation.eu\/index.php\/wp-json\/wp\/v2\/comments?post=367"}],"version-history":[{"count":6,"href":"https:\/\/iddest-formation.eu\/index.php\/wp-json\/wp\/v2\/pages\/367\/revisions"}],"predecessor-version":[{"id":1379,"href":"https:\/\/iddest-formation.eu\/index.php\/wp-json\/wp\/v2\/pages\/367\/revisions\/1379"}],"wp:attachment":[{"href":"https:\/\/iddest-formation.eu\/index.php\/wp-json\/wp\/v2\/media?parent=367"}],"curies":[{"name":"wp","href":"https:\/\/api.w.org\/{rel}","templated":true}]}}